{"id":40,"date":"2023-03-15T23:36:53","date_gmt":"2023-03-16T02:36:53","guid":{"rendered":"http:\/\/grupoprincesa.net.br\/site\/canaldedenuncia\/?page_id=40"},"modified":"2023-03-16T13:27:04","modified_gmt":"2023-03-16T16:27:04","slug":"faca-uma-sugestao","status":"publish","type":"page","link":"http:\/\/grupoprincesa.net.br\/site\/canaldedenuncias\/faca-uma-sugestao\/","title":{"rendered":"Fa\u00e7a uma sugest\u00e3o"},"content":{"rendered":"\n<div class=\"wpcf7 no-js\" id=\"wpcf7-f79-o1\" lang=\"pt-BR\" dir=\"ltr\">\n<div class=\"screen-reader-response\"><p role=\"status\" aria-live=\"polite\" aria-atomic=\"true\"><\/p> <ul><\/ul><\/div>\n<form action=\"\/site\/canaldedenuncias\/wp-json\/wp\/v2\/pages\/40#wpcf7-f79-o1\" method=\"post\" class=\"wpcf7-form init\" aria-label=\"Formul\u00e1rios de contato\" novalidate=\"novalidate\" data-status=\"init\">\n<div style=\"display: none;\">\n<input type=\"hidden\" name=\"_wpcf7\" value=\"79\" \/>\n<input type=\"hidden\" name=\"_wpcf7_version\" value=\"5.7.4\" \/>\n<input type=\"hidden\" name=\"_wpcf7_locale\" value=\"pt_BR\" \/>\n<input type=\"hidden\" name=\"_wpcf7_unit_tag\" value=\"wpcf7-f79-o1\" \/>\n<input type=\"hidden\" name=\"_wpcf7_container_post\" value=\"0\" \/>\n<input type=\"hidden\" name=\"_wpcf7_posted_data_hash\" value=\"\" \/>\n<\/div>\n<p>O que voc\u00ea poder\u00e1 fazer por meio deste canal: Relatos de comportamentos incoerentes com o nosso C\u00f3digo de Conduta ou com as leis vigentes. Sugest\u00f5es para melhorias dos nossos sistemas, controles e ambientes de trabalho.\n<\/p>\n<p>* Voc\u00ea gostaria de se identificar?<br \/>\n<span class=\"wpcf7-form-control-wrap\" data-name=\"IDENTIFICA\"><span class=\"wpcf7-form-control wpcf7-radio\"><span class=\"wpcf7-list-item first\"><label><input type=\"radio\" name=\"IDENTIFICA\" value=\"Sim\" \/><span class=\"wpcf7-list-item-label\">Sim<\/span><\/label><\/span><span class=\"wpcf7-list-item last\"><label><input type=\"radio\" name=\"IDENTIFICA\" value=\"N\u00e3o\" \/><span class=\"wpcf7-list-item-label\">N\u00e3o<\/span><\/label><\/span><\/span><\/span>\n<\/p>\n<div id=\"dados-pessoais\">\n\t<p>Nome Completo<br \/>\n<span class=\"wpcf7-form-control-wrap\" data-name=\"NOME\"><input size=\"40\" class=\"wpcf7-form-control wpcf7-text\" aria-invalid=\"false\" value=\"\" type=\"text\" name=\"NOME\" \/><\/span>\n\t<\/p>\n\t<p>CPF<br \/>\n<span class=\"wpcf7-form-control-wrap\" data-name=\"CPF\"><input size=\"40\" class=\"wpcf7-form-control wpcf7-text\" aria-invalid=\"false\" value=\"\" type=\"text\" name=\"CPF\" \/><\/span>\n\t<\/p>\n\t<p>Data de Nascimento<br \/>\n<span class=\"wpcf7-form-control-wrap\" data-name=\"DATA_NASCIMENTO\"><input size=\"40\" class=\"wpcf7-form-control wpcf7-text\" aria-invalid=\"false\" value=\"\" type=\"text\" name=\"DATA_NASCIMENTO\" \/><\/span>\n\t<\/p>\n\t<p>E-mail<br \/>\n<span class=\"wpcf7-form-control-wrap\" data-name=\"EMAIL\"><input size=\"40\" class=\"wpcf7-form-control wpcf7-text\" aria-invalid=\"false\" value=\"\" type=\"text\" name=\"EMAIL\" \/><\/span>\n\t<\/p>\n\t<p>Telefone<br \/>\n<span class=\"wpcf7-form-control-wrap\" data-name=\"TELEFONE\"><input size=\"40\" class=\"wpcf7-form-control wpcf7-text\" aria-invalid=\"false\" value=\"\" type=\"text\" name=\"TELEFONE\" \/><\/span>\n\t<\/p>\n\t<p>Celular<br \/>\n<span class=\"wpcf7-form-control-wrap\" data-name=\"CELULAR\"><input size=\"40\" class=\"wpcf7-form-control wpcf7-text\" aria-invalid=\"false\" value=\"\" type=\"text\" name=\"CELULAR\" \/><\/span>\n\t<\/p>\n<\/div>\n<p>Qual a sua rela\u00e7\u00e3o com o Grupo Princesa?\u00a0<br \/>\n<span class=\"wpcf7-form-control-wrap\" data-name=\"RELACAO_COM_A_EMPRESA\"><select class=\"wpcf7-form-control wpcf7-select\" aria-invalid=\"false\" name=\"RELACAO_COM_A_EMPRESA\"><option value=\"Selecione...\">Selecione...<\/option><option value=\"Sou colaborador\">Sou colaborador<\/option><option value=\"Sou ex-colaborador\">Sou ex-colaborador<\/option><option value=\"Sou fornecedor\">Sou fornecedor<\/option><option value=\"Sou parceiro\">Sou parceiro<\/option><option value=\"Sou prestador de servi\u00e7o\">Sou prestador de servi\u00e7o<\/option><option value=\"Motorista terceiro\">Motorista terceiro<\/option><option value=\"Sou cliente\">Sou cliente<\/option><option value=\"Outros\">Outros<\/option><\/select><\/span>\n<\/p>\n<p>O que voc\u00ea acha que est\u00e1 errado ou pode melhorar? Qual sua sugest\u00e3o? (Descreva o mais detalhadamente poss\u00edvel o(s) processo(s) ou procedimento(s) que na sua opini\u00e3o deve(m) ser alterado(s) em benef\u00edcio da empresa e dos funcion\u00e1rios, colaboradores e parceiros, especificando quais seriam essas altera\u00e7\u00f5es e quais os benef\u00edcios decorrentes de sua implementa\u00e7\u00e3o. Caso seja poss\u00edvel, indique a \u00e1rea\/setor a que voc\u00ea se refere.)<br \/>\n<span class=\"wpcf7-form-control-wrap\" data-name=\"DESCRICAO_SUGESTAO\"><textarea cols=\"40\" rows=\"10\" class=\"wpcf7-form-control wpcf7-textarea\" aria-invalid=\"false\" name=\"DESCRICAO_SUGESTAO\"><\/textarea><\/span>\n<\/p>\n<p>Indique a(s) pessoa(s), especificando o(s) cargo(s) por ela(s) ocupado(s), que voc\u00ea acha que \u00e9(s\u00e3o) respons\u00e1vel(is) por implementar as altera\u00e7\u00f5es que voc\u00ea est\u00e1 sugerindo?<br \/>\n<span class=\"wpcf7-form-control-wrap\" data-name=\"INDICACAO_SUGESTAO\"><input size=\"40\" class=\"wpcf7-form-control wpcf7-text\" aria-invalid=\"false\" value=\"\" type=\"text\" name=\"INDICACAO_SUGESTAO\" \/><\/span>\n<\/p>\n<p>Voc\u00ea j\u00e1 tentou fazer essa sugest\u00e3o diretamente para essa(s) pessoa(s)?<br \/>\n<span class=\"wpcf7-form-control-wrap\" data-name=\"SUGESTAO_DIRETA\"><select class=\"wpcf7-form-control wpcf7-select\" aria-invalid=\"false\" name=\"SUGESTAO_DIRETA\"><option value=\"Selecione...\">Selecione...<\/option><option value=\"Sim\">Sim<\/option><option value=\"N\u00e3o\">N\u00e3o<\/option><\/select><\/span>\n<\/p>\n<p>Ao preencher o formul\u00e1rio, voc\u00ea concorda que o Grupo Princesa salve as informa\u00e7\u00f5es, possibilitando que medidas sejam tomadas a partir da an\u00e1lise do conte\u00fado de suas respostas. Para mais informa\u00e7\u00f5es sobre a prote\u00e7\u00e3o de dados e os direitos do usu\u00e1rio, acesse a nossa Pol\u00edtica de Privacidade.\n<\/p>\n<p><span class=\"wpcf7-form-control-wrap\" data-name=\"ACEITE\"><span class=\"wpcf7-form-control wpcf7-acceptance\"><span class=\"wpcf7-list-item\"><label><input type=\"checkbox\" name=\"ACEITE\" value=\"1\" aria-invalid=\"false\" \/><span class=\"wpcf7-list-item-label\">Li e concordo com o termo acima<\/span><\/label><\/span><\/span><\/span>\n<\/p>\n<p><input class=\"wpcf7-form-control has-spinner wpcf7-submit\" type=\"submit\" value=\"Enviar\" \/>\n<\/p><div class=\"wpcf7-response-output\" aria-hidden=\"true\"><\/div>\n<\/form>\n<\/div>\n\n","protected":false},"excerpt":{"rendered":"","protected":false},"author":1,"featured_media":0,"parent":0,"menu_order":0,"comment_status":"closed","ping_status":"closed","template":"","meta":{"site-sidebar-layout":"default","site-content-layout":"default","ast-global-header-display":"","ast-main-header-display":"","ast-hfb-above-header-display":"","ast-hfb-below-header-display":"","ast-hfb-mobile-header-display":"","site-post-title":"","ast-breadcrumbs-content":"","ast-featured-img":"","footer-sml-layout":"","theme-transparent-header-meta":"","adv-header-id-meta":"","stick-header-meta":"","header-above-stick-meta":"","header-main-stick-meta":"","header-below-stick-meta":""},"_links":{"self":[{"href":"http:\/\/grupoprincesa.net.br\/site\/canaldedenuncias\/wp-json\/wp\/v2\/pages\/40"}],"collection":[{"href":"http:\/\/grupoprincesa.net.br\/site\/canaldedenuncias\/wp-json\/wp\/v2\/pages"}],"about":[{"href":"http:\/\/grupoprincesa.net.br\/site\/canaldedenuncias\/wp-json\/wp\/v2\/types\/page"}],"author":[{"embeddable":true,"href":"http:\/\/grupoprincesa.net.br\/site\/canaldedenuncias\/wp-json\/wp\/v2\/users\/1"}],"replies":[{"embeddable":true,"href":"http:\/\/grupoprincesa.net.br\/site\/canaldedenuncias\/wp-json\/wp\/v2\/comments?post=40"}],"version-history":[{"count":3,"href":"http:\/\/grupoprincesa.net.br\/site\/canaldedenuncias\/wp-json\/wp\/v2\/pages\/40\/revisions"}],"predecessor-version":[{"id":80,"href":"http:\/\/grupoprincesa.net.br\/site\/canaldedenuncias\/wp-json\/wp\/v2\/pages\/40\/revisions\/80"}],"wp:attachment":[{"href":"http:\/\/grupoprincesa.net.br\/site\/canaldedenuncias\/wp-json\/wp\/v2\/media?parent=40"}],"curies":[{"name":"wp","href":"https:\/\/api.w.org\/{rel}","templated":true}]}}