{"id":38,"date":"2023-03-15T23:36:28","date_gmt":"2023-03-16T02:36:28","guid":{"rendered":"http:\/\/grupoprincesa.net.br\/site\/canaldedenuncia\/?page_id=38"},"modified":"2023-03-16T09:24:11","modified_gmt":"2023-03-16T12:24:11","slug":"faca-uma-denuncia","status":"publish","type":"page","link":"http:\/\/grupoprincesa.net.br\/site\/canaldedenuncias\/faca-uma-denuncia\/","title":{"rendered":"Fa\u00e7a uma den\u00fancia"},"content":{"rendered":"\n<div class=\"wpcf7 no-js\" id=\"wpcf7-f75-o1\" lang=\"pt-BR\" dir=\"ltr\">\n<div class=\"screen-reader-response\"><p role=\"status\" aria-live=\"polite\" aria-atomic=\"true\"><\/p> <ul><\/ul><\/div>\n<form action=\"\/site\/canaldedenuncias\/wp-json\/wp\/v2\/pages\/38#wpcf7-f75-o1\" method=\"post\" class=\"wpcf7-form init\" aria-label=\"Formul\u00e1rios de contato\" novalidate=\"novalidate\" data-status=\"init\">\n<div style=\"display: none;\">\n<input type=\"hidden\" name=\"_wpcf7\" value=\"75\" \/>\n<input type=\"hidden\" name=\"_wpcf7_version\" value=\"5.7.4\" \/>\n<input type=\"hidden\" name=\"_wpcf7_locale\" value=\"pt_BR\" \/>\n<input type=\"hidden\" name=\"_wpcf7_unit_tag\" value=\"wpcf7-f75-o1\" \/>\n<input type=\"hidden\" name=\"_wpcf7_container_post\" value=\"0\" \/>\n<input type=\"hidden\" name=\"_wpcf7_posted_data_hash\" value=\"\" \/>\n<\/div>\n<p>O que voc\u00ea poder\u00e1 fazer por meio deste canal: Relatos de comportamentos incoerentes com o nosso C\u00f3digo de Conduta ou com as leis vigentes. Sugest\u00f5es para melhorias dos nossos sistemas, controles e ambientes de trabalho.\n<\/p>\n<p>* Voc\u00ea gostaria de se identificar?<br \/>\n<span class=\"wpcf7-form-control-wrap\" data-name=\"IDENTIFICA\"><span class=\"wpcf7-form-control wpcf7-radio\"><span class=\"wpcf7-list-item first\"><label><input type=\"radio\" name=\"IDENTIFICA\" value=\"Sim\" \/><span class=\"wpcf7-list-item-label\">Sim<\/span><\/label><\/span><span class=\"wpcf7-list-item last\"><label><input type=\"radio\" name=\"IDENTIFICA\" value=\"N\u00e3o\" \/><span class=\"wpcf7-list-item-label\">N\u00e3o<\/span><\/label><\/span><\/span><\/span>\n<\/p>\n<div id=\"dados-pessoais\">\n\t<p>Nome Completo<br \/>\n<span class=\"wpcf7-form-control-wrap\" data-name=\"NOME\"><input size=\"40\" class=\"wpcf7-form-control wpcf7-text\" aria-invalid=\"false\" value=\"\" type=\"text\" name=\"NOME\" \/><\/span>\n\t<\/p>\n\t<p>CPF<br \/>\n<span class=\"wpcf7-form-control-wrap\" data-name=\"CPF\"><input size=\"40\" class=\"wpcf7-form-control wpcf7-text\" aria-invalid=\"false\" value=\"\" type=\"text\" name=\"CPF\" \/><\/span>\n\t<\/p>\n\t<p>Data de Nascimento<br \/>\n<span class=\"wpcf7-form-control-wrap\" data-name=\"DATA_NASCIMENTO\"><input size=\"40\" class=\"wpcf7-form-control wpcf7-text\" aria-invalid=\"false\" value=\"\" type=\"text\" name=\"DATA_NASCIMENTO\" \/><\/span>\n\t<\/p>\n\t<p>E-mail<br \/>\n<span class=\"wpcf7-form-control-wrap\" data-name=\"EMAIL\"><input size=\"40\" class=\"wpcf7-form-control wpcf7-text\" aria-invalid=\"false\" value=\"\" type=\"text\" name=\"EMAIL\" \/><\/span>\n\t<\/p>\n\t<p>Telefone<br \/>\n<span class=\"wpcf7-form-control-wrap\" data-name=\"TELEFONE\"><input size=\"40\" class=\"wpcf7-form-control wpcf7-text\" aria-invalid=\"false\" value=\"\" type=\"text\" name=\"TELEFONE\" \/><\/span>\n\t<\/p>\n\t<p>Celular<br \/>\n<span class=\"wpcf7-form-control-wrap\" data-name=\"CELULAR\"><input size=\"40\" class=\"wpcf7-form-control wpcf7-text\" aria-invalid=\"false\" value=\"\" type=\"text\" name=\"CELULAR\" \/><\/span>\n\t<\/p>\n<\/div>\n<p>Qual a sua rela\u00e7\u00e3o com o Grupo Princesa?\u00a0<br \/>\n<span class=\"wpcf7-form-control-wrap\" data-name=\"RELACAO_COM_A_EMPRESA\"><select class=\"wpcf7-form-control wpcf7-select\" aria-invalid=\"false\" name=\"RELACAO_COM_A_EMPRESA\"><option value=\"Selecione...\">Selecione...<\/option><option value=\"Sou colaborador\">Sou colaborador<\/option><option value=\"Sou ex-colaborador\">Sou ex-colaborador<\/option><option value=\"Sou fornecedor\">Sou fornecedor<\/option><option value=\"Sou parceiro\">Sou parceiro<\/option><option value=\"Sou prestador de servi\u00e7o\">Sou prestador de servi\u00e7o<\/option><option value=\"Motorista terceiro\">Motorista terceiro<\/option><option value=\"Sou cliente\">Sou cliente<\/option><option value=\"Outros\">Outros<\/option><\/select><\/span>\n<\/p>\n<p>Qual o tipo de den\u00fancia melhor se enquadra ao fato que voc\u00ea est\u00e1 registrando?<br \/>\n<span class=\"wpcf7-form-control-wrap\" data-name=\"TIPO_DENUNCIA\"><select class=\"wpcf7-form-control wpcf7-select\" aria-invalid=\"false\" name=\"TIPO_DENUNCIA\"><option value=\"Selecione...\">Selecione...<\/option><option value=\"Ass\u00e9dio Sexual\">Ass\u00e9dio Sexual<\/option><option value=\"Ass\u00e9dio moral\">Ass\u00e9dio moral<\/option><option value=\"Agress\u00e3o f\u00edsica\">Agress\u00e3o f\u00edsica<\/option><option value=\"Discrimina\u00e7\u00e3o\">Discrimina\u00e7\u00e3o<\/option><option value=\"Comportamento inadequado\">Comportamento inadequado<\/option><option value=\"N\u00e3o cumprimento de Pol\u00edticas, Normas e Procedimentos\">N\u00e3o cumprimento de Pol\u00edticas, Normas e Procedimentos<\/option><option value=\"Conflito de interesses\">Conflito de interesses<\/option><option value=\"Viola\u00e7\u00e3o de Leis Trabalhistas\">Viola\u00e7\u00e3o de Leis Trabalhistas<\/option><option value=\"Viola\u00e7\u00e3o de Leis Ambientais\">Viola\u00e7\u00e3o de Leis Ambientais<\/option><option value=\"Viola\u00e7\u00e3o de Leis Tribut\u00e1rias\">Viola\u00e7\u00e3o de Leis Tribut\u00e1rias<\/option><option value=\"Favorecimento de fornecedores ou clientes\">Favorecimento de fornecedores ou clientes<\/option><option value=\"Fraude ou roubo de dinheiro\">Fraude ou roubo de dinheiro<\/option><option value=\"Irregularidades nas demonstra\u00e7\u00f5es financeiras ou relat\u00f3rios de gest\u00e3o\">Irregularidades nas demonstra\u00e7\u00f5es financeiras ou relat\u00f3rios de gest\u00e3o<\/option><option value=\"Roubo, furto ou desvio de mercadorias\">Roubo, furto ou desvio de mercadorias<\/option><option value=\"Destrui\u00e7\u00e3o ou danos a bens da empresa\">Destrui\u00e7\u00e3o ou danos a bens da empresa<\/option><option value=\"Corrup\u00e7\u00e3o\">Corrup\u00e7\u00e3o<\/option><option value=\"Como estou dirigindo\">Como estou dirigindo<\/option><option value=\"Outros\">Outros<\/option><\/select><\/span>\n<\/p>\n<p>Indique o local onde ocorreu o fato que voc\u00ea est\u00e1 denunciando:<br \/>\n<span class=\"wpcf7-form-control-wrap\" data-name=\"LOCAL_DENUNCIA\"><input size=\"40\" class=\"wpcf7-form-control wpcf7-text\" aria-invalid=\"false\" value=\"\" type=\"text\" name=\"LOCAL_DENUNCIA\" \/><\/span>\n<\/p>\n<p>Indique a \u00e1rea\/setor onde ocorreu o fato que voc\u00ea est\u00e1 denunciando:<br \/>\n<span class=\"wpcf7-form-control-wrap\" data-name=\"SETOR_DENUNCIA\"><input size=\"40\" class=\"wpcf7-form-control wpcf7-text\" aria-invalid=\"false\" value=\"\" type=\"text\" name=\"SETOR_DENUNCIA\" \/><\/span>\n<\/p>\n<p>Como tomou conhecimento deste fato\/transgress\u00e3o?<br \/>\n<span class=\"wpcf7-form-control-wrap\" data-name=\"CONHECIMENTO_DO_FATO\"><select class=\"wpcf7-form-control wpcf7-select\" aria-invalid=\"false\" name=\"CONHECIMENTO_DO_FATO\"><option value=\"Selecione...\">Selecione...<\/option><option value=\"Aconteceu comigo\">Aconteceu comigo<\/option><option value=\"Eu a observei\">Eu a observei<\/option><option value=\"Ouvi falar\">Ouvi falar<\/option><option value=\"Um colega de trabalho me contou\">Um colega de trabalho me contou<\/option><option value=\"O denunciado me contou\">O denunciado me contou<\/option><option value=\"Ouvi por acaso\">Ouvi por acaso<\/option><option value=\"Encontrei um documento ou arquivo acidentalmente\">Encontrei um documento ou arquivo acidentalmente<\/option><option value=\"Outros\">Outros<\/option><\/select><\/span>\n<\/p>\n<p>Voc\u00ea sabe se algum Diretor, Gerente, Coordenador, Supervisor ou Encarregado est\u00e1 CIENTE do problema relatado?<br \/>\n<span class=\"wpcf7-form-control-wrap\" data-name=\"CIENTE_DO_PROBLEMA\"><select class=\"wpcf7-form-control wpcf7-select\" aria-invalid=\"false\" name=\"CIENTE_DO_PROBLEMA\"><option value=\"Selecione...\">Selecione...<\/option><option value=\"Sim\">Sim<\/option><option value=\"N\u00e3o\">N\u00e3o<\/option><\/select><\/span>\n<\/p>\n<p>Voc\u00ea sabe se algum Diretor, Gerente, Coordenador, Supervisor, ou Encarregado est\u00e1 ENVOLVIDO diretamente no fato relatado?<br \/>\n<span class=\"wpcf7-form-control-wrap\" data-name=\"ENVOLVIDO_NO_FATO\"><select class=\"wpcf7-form-control wpcf7-select\" aria-invalid=\"false\" name=\"ENVOLVIDO_NO_FATO\"><option value=\"Selecione...\">Selecione...<\/option><option value=\"Sim\">Sim<\/option><option value=\"N\u00e3o\">N\u00e3o<\/option><\/select><\/span>\n<\/p>\n<p>Voc\u00ea sabe se algum(ns) Diretor(es), Gerente(s), Coordenador(es), Supervisor(es), ou Encarregado(s) tentou(ram) ESCONDER o problema relatado? (Apesar de n\u00e3o se envolver diretamente, algumas pessoas podem propositadamente ter ignorado o problema, ou ter se comprometido a fazer algo, ou ter afirmado que n\u00e3o era um problema, ou ter alterado evid\u00eancias).<br \/>\n<span class=\"wpcf7-form-control-wrap\" data-name=\"TENTOU_ESCONDER\"><select class=\"wpcf7-form-control wpcf7-select\" aria-invalid=\"false\" name=\"TENTOU_ESCONDER\"><option value=\"Selecione...\">Selecione...<\/option><option value=\"Sim\">Sim<\/option><option value=\"N\u00e3o\">N\u00e3o<\/option><\/select><\/span>\n<\/p>\n<p>O que voc\u00ea quer denunciar? Descreva o mais detalhadamente poss\u00edvel o que aconteceu, indicando o nome(s) da(s) pessoa(s) que est\u00e1(\u00e3o) envolvida(s), bem como quando o fato ocorreu e se ainda continua ocorrendo.<br \/>\n<span class=\"wpcf7-form-control-wrap\" data-name=\"DESCRICAO_DENUNCIA\"><textarea cols=\"40\" rows=\"10\" class=\"wpcf7-form-control wpcf7-textarea\" aria-invalid=\"false\" name=\"DESCRICAO_DENUNCIA\"><\/textarea><\/span>\n<\/p>\n<p>Existem testemunhas? Em caso positivo, indique-as.<br \/>\n<span class=\"wpcf7-form-control-wrap\" data-name=\"TESTEMUNHAS\"><input size=\"40\" class=\"wpcf7-form-control wpcf7-text\" aria-invalid=\"false\" value=\"\" type=\"text\" name=\"TESTEMUNHAS\" \/><\/span>\n<\/p>\n<p>Voc\u00ea sabe se existem evid\u00eancias sobre o fato? Em caso positivo, indique-as. (Quais e em que lugar(es) podem ser encontradas evid\u00eancias sobre o fato denunciado? Existem documentos que comprovam esse fato? Em caso positivo, onde podem ser encontrados? Especifique da forma mais detalhada poss\u00edvel. Lembre-se: qualquer informa\u00e7\u00e3o pode ser \u00fatil, por mais irrelevante que ela pare\u00e7a para voc\u00ea. ATEN\u00c7\u00c3O: N\u00c3O REMOVA OU TOME CONTATO COM QUALQUER EVID\u00caNCIA OU PROVA, POIS A INVESTIGA\u00c7\u00c3O PODE SER PREJUDICADA.)<br \/>\n<span class=\"wpcf7-form-control-wrap\" data-name=\"EVIDENCIAS_FATO\"><input size=\"40\" class=\"wpcf7-form-control wpcf7-text\" aria-invalid=\"false\" value=\"\" type=\"text\" name=\"EVIDENCIAS_FATO\" \/><\/span>\n<\/p>\n<p>Caso seja poss\u00edvel, indique o valor financeiro envolvido no fato relatado:<br \/>\n<span class=\"wpcf7-form-control-wrap\" data-name=\"VALOR_FINANCEIRO\"><input size=\"40\" class=\"wpcf7-form-control wpcf7-text\" aria-invalid=\"false\" value=\"\" type=\"text\" name=\"VALOR_FINANCEIRO\" \/><\/span>\n<\/p>\n<p>Caso voc\u00ea tenha alguma sugest\u00e3o de como solucionar o problema, descreva-a:<br \/>\n<span class=\"wpcf7-form-control-wrap\" data-name=\"DESCRICAO_SUGESTAO\"><input size=\"40\" class=\"wpcf7-form-control wpcf7-text\" aria-invalid=\"false\" value=\"\" type=\"text\" name=\"DESCRICAO_SUGESTAO\" \/><\/span>\n<\/p>\n<p>Ao preencher o formul\u00e1rio, voc\u00ea concorda que o Grupo Princesa salve as informa\u00e7\u00f5es, possibilitando que medidas sejam tomadas a partir da an\u00e1lise do conte\u00fado de suas respostas. Para mais informa\u00e7\u00f5es sobre a prote\u00e7\u00e3o de dados e os direitos do usu\u00e1rio, acesse a nossa Pol\u00edtica de Privacidade.\n<\/p>\n<p><span class=\"wpcf7-form-control-wrap\" data-name=\"ACEITE\"><span class=\"wpcf7-form-control wpcf7-acceptance\"><span class=\"wpcf7-list-item\"><label><input type=\"checkbox\" name=\"ACEITE\" value=\"1\" aria-invalid=\"false\" \/><span class=\"wpcf7-list-item-label\">Li e concordo com o termo acima<\/span><\/label><\/span><\/span><\/span>\n<\/p>\n<p><input class=\"wpcf7-form-control has-spinner wpcf7-submit\" type=\"submit\" value=\"Enviar\" \/>\n<\/p><div class=\"wpcf7-response-output\" aria-hidden=\"true\"><\/div>\n<\/form>\n<\/div>\n\n","protected":false},"excerpt":{"rendered":"","protected":false},"author":1,"featured_media":0,"parent":0,"menu_order":0,"comment_status":"closed","ping_status":"closed","template":"","meta":{"site-sidebar-layout":"default","site-content-layout":"default","ast-global-header-display":"","ast-main-header-display":"","ast-hfb-above-header-display":"","ast-hfb-below-header-display":"","ast-hfb-mobile-header-display":"","site-post-title":"","ast-breadcrumbs-content":"","ast-featured-img":"","footer-sml-layout":"","theme-transparent-header-meta":"","adv-header-id-meta":"","stick-header-meta":"","header-above-stick-meta":"","header-main-stick-meta":"","header-below-stick-meta":""},"_links":{"self":[{"href":"http:\/\/grupoprincesa.net.br\/site\/canaldedenuncias\/wp-json\/wp\/v2\/pages\/38"}],"collection":[{"href":"http:\/\/grupoprincesa.net.br\/site\/canaldedenuncias\/wp-json\/wp\/v2\/pages"}],"about":[{"href":"http:\/\/grupoprincesa.net.br\/site\/canaldedenuncias\/wp-json\/wp\/v2\/types\/page"}],"author":[{"embeddable":true,"href":"http:\/\/grupoprincesa.net.br\/site\/canaldedenuncias\/wp-json\/wp\/v2\/users\/1"}],"replies":[{"embeddable":true,"href":"http:\/\/grupoprincesa.net.br\/site\/canaldedenuncias\/wp-json\/wp\/v2\/comments?post=38"}],"version-history":[{"count":4,"href":"http:\/\/grupoprincesa.net.br\/site\/canaldedenuncias\/wp-json\/wp\/v2\/pages\/38\/revisions"}],"predecessor-version":[{"id":77,"href":"http:\/\/grupoprincesa.net.br\/site\/canaldedenuncias\/wp-json\/wp\/v2\/pages\/38\/revisions\/77"}],"wp:attachment":[{"href":"http:\/\/grupoprincesa.net.br\/site\/canaldedenuncias\/wp-json\/wp\/v2\/media?parent=38"}],"curies":[{"name":"wp","href":"https:\/\/api.w.org\/{rel}","templated":true}]}}