{"id":16,"date":"2023-03-15T23:30:56","date_gmt":"2023-03-16T02:30:56","guid":{"rendered":"http:\/\/grupoprincesa.net.br\/site\/canaldedenuncia\/?page_id=16"},"modified":"2023-03-27T10:20:31","modified_gmt":"2023-03-27T13:20:31","slug":"home","status":"publish","type":"page","link":"http:\/\/grupoprincesa.net.br\/site\/canaldedenuncias\/","title":{"rendered":"Home"},"content":{"rendered":"\n<div class=\"wp-block-cover alignfull is-light\" style=\"min-height:720px\"><span aria-hidden=\"true\" class=\"wp-block-cover__background has-background-dim-100 has-background-dim has-background-gradient\" style=\"background:linear-gradient(135deg,rgb(250,246,246) 0%,rgb(199,214,223) 100%)\"><\/span><div class=\"wp-block-cover__inner-container\">\n<div class=\"inherit-container-width wp-block-group alignwide is-layout-constrained\">\n<div class=\"wp-block-media-text alignwide has-media-on-the-right is-stacked-on-mobile is-vertically-aligned-center\" style=\"grid-template-columns:auto 43%\"><div class=\"wp-block-media-text__content\">\n<h2 class=\"has-text-align-left has-text-color wp-block-heading\" style=\"color:#3e4093\">Seja bem-vindo ao<br>nosso <strong>Canal de Den\u00fancia<\/strong><\/h2>\n\n\n\n<div class=\"wp-block-buttons alignwide is-layout-flex\">\n<div class=\"wp-block-button\"><a class=\"wp-block-button__link has-white-color has-text-color has-background wp-element-button\" href=\"#canal\" style=\"background-color:#3e4093\">Conhe\u00e7a<\/a><\/div>\n\n\n\n<div class=\"wp-block-button\"><a class=\"wp-block-button__link has-white-color has-text-color has-background wp-element-button\" href=\"http:\/\/grupoprincesa.net.br\/site\/canaldedenuncias\/faca-uma-denuncia\" style=\"background-color:#3e4093\">Fa\u00e7a uma den\u00fancia<\/a><\/div>\n<\/div>\n<\/div><figure class=\"wp-block-media-text__media\"><img decoding=\"async\" loading=\"lazy\" width=\"799\" height=\"601\" src=\"http:\/\/grupoprincesa.net.br\/site\/canaldedenuncia\/wp-content\/uploads\/2023\/03\/imagem-cabecalho.png\" alt=\"\" class=\"wp-image-65 size-full\" srcset=\"http:\/\/grupoprincesa.net.br\/site\/canaldedenuncias\/wp-content\/uploads\/2023\/03\/imagem-cabecalho.png 799w, http:\/\/grupoprincesa.net.br\/site\/canaldedenuncias\/wp-content\/uploads\/2023\/03\/imagem-cabecalho-300x226.png 300w, http:\/\/grupoprincesa.net.br\/site\/canaldedenuncias\/wp-content\/uploads\/2023\/03\/imagem-cabecalho-768x578.png 768w\" sizes=\"(max-width: 799px) 100vw, 799px\" \/><\/figure><\/div>\n<\/div>\n<\/div><\/div>\n\n\n\n<div class=\"wp-block-group alignfull has-ast-global-color-5-background-color has-background is-layout-constrained wp-container-15\" id=\"canal\" style=\"padding-bottom:0px\">\n<p>Nosso Grupo se preocupa em manter o ambiente de trabalho <strong>\u00edntegro<\/strong> e <strong>livre de irregularidades<\/strong>. Por isso, disponibilizamos para voc\u00ea e para os nossos parceiros de neg\u00f3cios este <strong>canal de comunica\u00e7\u00e3o<\/strong>.<\/p>\n\n\n\n<p>Por meio dele, voc\u00ea poder\u00e1 denunciar qualquer atitude que contrarie nosso <strong>C\u00f3digo de Conduta<\/strong>, as <strong>leis<\/strong> ou nossos <strong>valores<\/strong>.<\/p>\n\n\n\n<div style=\"height:74px\" aria-hidden=\"true\" class=\"wp-block-spacer\"><\/div>\n\n\n\n<h2 class=\"has-text-align-center wp-block-heading\">O que voc\u00ea poder\u00e1 fazer por meio deste canal:<\/h2>\n\n\n\n<div class=\"wp-block-columns is-layout-flex wp-container-5\" style=\"margin-top:60px\">\n<div class=\"wp-block-column is-layout-flow wp-container-3\">\n<h3 class=\"wp-block-heading\" style=\"margin-top:16px\">Den\u00fancias<\/h3>\n\n\n\n<p>Relatos de comportamentos incoerentes com o<br>nosso <strong>C\u00f3digo de Conduta<\/strong> ou com as <strong>leis<\/strong> vigentes.<\/p>\n<\/div>\n\n\n\n<div class=\"wp-block-column is-layout-flow wp-container-4\">\n<h3 class=\"wp-block-heading\" style=\"margin-top:16px\">Sugest\u00f5es<\/h3>\n\n\n\n<p><strong>Sugest\u00f5es<\/strong> para melhorias dos nossos sistemas,<br>controles e ambientes de trabalho.<\/p>\n<\/div>\n<\/div>\n\n\n\n<div style=\"height:29px\" aria-hidden=\"true\" class=\"wp-block-spacer\"><\/div>\n\n\n\n<div class=\"wp-block-columns are-vertically-aligned-top is-layout-flex wp-container-12\">\n<div class=\"wp-block-column is-vertically-aligned-top is-layout-flow wp-container-7\">\n<div class=\"wp-block-buttons is-layout-flex\">\n<div class=\"wp-block-button aligncenter has-custom-width wp-block-button__width-100 is-style-fill\"><a class=\"wp-block-button__link has-white-color has-text-color has-background wp-element-button\" href=\"http:\/\/grupoprincesa.net.br\/site\/canaldedenuncias\/faca-uma-denuncia\" style=\"background-color:#3e4093\">Fa\u00e7a uma den\u00fancia<\/a><\/div>\n<\/div>\n<\/div>\n\n\n\n<div class=\"wp-block-column is-vertically-aligned-top is-layout-flow wp-container-9\">\n<div class=\"wp-block-buttons is-layout-flex\">\n<div class=\"wp-block-button aligncenter has-custom-width wp-block-button__width-100\"><a class=\"wp-block-button__link has-white-color has-text-color has-background wp-element-button\" href=\"http:\/\/grupoprincesa.net.br\/site\/canaldedenuncias\/faca-uma-sugestao\" style=\"background-color:#3e4093\">Fa\u00e7a uma sugest\u00e3o<\/a><\/div>\n<\/div>\n<\/div>\n\n\n\n<div class=\"wp-block-column is-vertically-aligned-top is-layout-flow wp-container-11\">\n<div class=\"wp-block-buttons is-layout-flex\">\n<div class=\"wp-block-button aligncenter has-custom-width wp-block-button__width-100\"><a class=\"wp-block-button__link has-white-color has-text-color has-background wp-element-button\" href=\"http:\/\/grupoprincesa.net.br\/site\/canaldedenuncias\/tire-sua-duvida\" style=\"background-color:#3e4093\">Tire sua d\u00favida<\/a><\/div>\n<\/div>\n<\/div>\n<\/div>\n\n\n\n<div class=\"wp-block-columns is-layout-flex wp-container-14\">\n<div class=\"wp-block-column is-layout-flow\">\n<div style=\"height:79px\" aria-hidden=\"true\" class=\"wp-block-spacer\"><\/div>\n<\/div>\n<\/div>\n<\/div>\n\n\n\n<div class=\"wp-block-group alignfull has-background is-layout-constrained wp-container-17\" id=\"codigo\" style=\"background:linear-gradient(135deg,rgb(251,251,251) 0%,rgb(202,216,222) 100%);padding-top:104px;padding-bottom:104px\">\n<h2 class=\"has-text-align-center has-text-color wp-block-heading\" style=\"color:#3e4093\">C\u00f3digo de Conduta<\/h2>\n\n\n\n<p class=\"has-ast-global-color-3-color has-text-color\">Acreditamos que nossas a\u00e7\u00f5es devem ser pautadas pela <strong>\u00e9tica<\/strong>, <strong>integridade<\/strong> e por nosso <strong>C\u00f3digo de Conduta<\/strong>.<\/p>\n\n\n\n<p class=\"has-ast-global-color-3-color has-text-color\">Este documento explica quais s\u00e3o nossos <strong>princ\u00edpios fundamentais<\/strong> e como podemos segui-los nas diferentes situa\u00e7\u00f5es que enfrentamos <strong>diariamente<\/strong> dentro da empresa.<\/p>\n\n\n\n<p class=\"has-ast-global-color-3-color has-text-color\"><strong>Fa\u00e7a o download do c\u00f3digo e familiarize-se com as diretrizes propostas.<\/strong><\/p>\n\n\n\n<div class=\"wp-block-buttons alignwide is-horizontal is-content-justification-center is-layout-flex wp-container-16\" style=\"margin-top:50px\">\n<div class=\"wp-block-button has-custom-width wp-block-button__width-100\"><a class=\"wp-block-button__link has-white-color has-text-color has-background wp-element-button\" href=\"http:\/\/grupoprincesa.net.br\/site\/canaldedenuncias\/wp-content\/uploads\/2023\/03\/CODIGO_DE_CONDUTA.pdf\" style=\"background-color:#3e4093\" target=\"_blank\" rel=\"noreferrer noopener\">Clique aqui para acessar<\/a><\/div>\n<\/div>\n<\/div>\n","protected":false},"excerpt":{"rendered":"<p>Nosso Grupo se preocupa em manter o ambiente de trabalho \u00edntegro e livre de irregularidades. Por isso, disponibilizamos para voc\u00ea e para os nossos parceiros de neg\u00f3cios este canal de comunica\u00e7\u00e3o. Por meio dele, voc\u00ea poder\u00e1 denunciar qualquer atitude que contrarie nosso C\u00f3digo de Conduta, as leis ou nossos valores. O que voc\u00ea poder\u00e1 fazer &hellip;<\/p>\n<p class=\"read-more\"> <a class=\"\" href=\"http:\/\/grupoprincesa.net.br\/site\/canaldedenuncias\/\"> <span class=\"screen-reader-text\">Home<\/span> Leia mais &raquo;<\/a><\/p>\n","protected":false},"author":1,"featured_media":0,"parent":0,"menu_order":0,"comment_status":"closed","ping_status":"closed","template":"","meta":{"site-sidebar-layout":"no-sidebar","site-content-layout":"plain-container","ast-global-header-display":"","ast-main-header-display":"","ast-hfb-above-header-display":"","ast-hfb-below-header-display":"","ast-hfb-mobile-header-display":"","site-post-title":"disabled","ast-breadcrumbs-content":"","ast-featured-img":"","footer-sml-layout":"","theme-transparent-header-meta":"enabled","adv-header-id-meta":"","stick-header-meta":"","header-above-stick-meta":"","header-main-stick-meta":"","header-below-stick-meta":""},"_links":{"self":[{"href":"http:\/\/grupoprincesa.net.br\/site\/canaldedenuncias\/wp-json\/wp\/v2\/pages\/16"}],"collection":[{"href":"http:\/\/grupoprincesa.net.br\/site\/canaldedenuncias\/wp-json\/wp\/v2\/pages"}],"about":[{"href":"http:\/\/grupoprincesa.net.br\/site\/canaldedenuncias\/wp-json\/wp\/v2\/types\/page"}],"author":[{"embeddable":true,"href":"http:\/\/grupoprincesa.net.br\/site\/canaldedenuncias\/wp-json\/wp\/v2\/users\/1"}],"replies":[{"embeddable":true,"href":"http:\/\/grupoprincesa.net.br\/site\/canaldedenuncias\/wp-json\/wp\/v2\/comments?post=16"}],"version-history":[{"count":21,"href":"http:\/\/grupoprincesa.net.br\/site\/canaldedenuncias\/wp-json\/wp\/v2\/pages\/16\/revisions"}],"predecessor-version":[{"id":127,"href":"http:\/\/grupoprincesa.net.br\/site\/canaldedenuncias\/wp-json\/wp\/v2\/pages\/16\/revisions\/127"}],"wp:attachment":[{"href":"http:\/\/grupoprincesa.net.br\/site\/canaldedenuncias\/wp-json\/wp\/v2\/media?parent=16"}],"curies":[{"name":"wp","href":"https:\/\/api.w.org\/{rel}","templated":true}]}}